{"id":179,"date":"2020-06-08T01:16:16","date_gmt":"2020-06-08T01:16:16","guid":{"rendered":"http:\/\/sw-themes.com\/porto_dummy\/?page_id=179"},"modified":"2021-12-24T08:24:45","modified_gmt":"2021-12-24T08:24:45","slug":"contact","status":"publish","type":"page","link":"https:\/\/www.petratextile.com\/en\/contact\/","title":{"rendered":"Contact"},"content":{"rendered":"<p>[vc_row wrap_container=&#8221;yes&#8221; el_class=&#8221;py-5&#8243; css=&#8221;.vc_custom_1591607686137{background-color: #fafafc !important;}&#8221;][vc_column][vc_row_inner animation_delay=&#8221;100&#8243; el_class=&#8221;no-padding mx-0 py-5 mb-3 background-color-light custom-icon-boxes justify-content-center box-shadow-1&#8243; animation_type=&#8221;fadeInUp&#8221;][vc_column_inner el_class=&#8221;my-4&#8243; width=&#8221;1\/2&#8243; offset=&#8221;vc_col-md-4&#8243;][vc_custom_heading text=&#8221;Telephone&#8221; font_container=&#8221;tag:h3|font_size:1.5rem|text_align:center|line_height:1.2&#8243; use_theme_fonts=&#8221;yes&#8221; font_weight=&#8221;600&#8243; skin=&#8221;primary&#8221; el_class=&#8221;mb-4 px-5&#8243;][vc_column_text el_class=&#8221;mb-0 text-center px-5&#8243;]<\/p>\n<p class=\"text-color-secondary font-size-xl font-weight-bold mb-0\">Office<br \/>\n<span style=\"color: #000000;\">+90 505 016 51 90<\/span><\/p>\n<p class=\"text-color-secondary font-size-xl pt-4 font-weight-bold mb-0\">Support via Whatsapp<strong><br \/>\n<\/strong><span style=\"color: #000000;\">+90 505 016 51 90<\/span><\/p>\n<p>[\/vc_column_text][\/vc_column_inner][vc_column_inner el_class=&#8221;my-4&#8243; width=&#8221;1\/2&#8243; offset=&#8221;vc_col-md-4&#8243;][vc_custom_heading text=&#8221;Address &amp; E-Mail&#8221; font_container=&#8221;tag:h3|font_size:1.5rem|text_align:center|line_height:1.2&#8243; use_theme_fonts=&#8221;yes&#8221; font_weight=&#8221;600&#8243; skin=&#8221;primary&#8221; el_class=&#8221;mb-4 px-5&#8243;][vc_column_text el_class=&#8221;mb-0 px-5 text-center&#8221;]<\/p>\n<p class=\"text-color-secondary font-size-xl font-weight-bold mb-0\"><strong>Address<br \/>\n<\/strong>\u00d6zg\u00fcr Mh. Kakt\u00fcs Cd. Cumali \u00c7evikalp \u0130\u015f Merkezi Kat:6 D:30 Y\u00fcre\u011fir\/Adana\/TURKEY<\/p>\n<p class=\"text-color-secondary font-size-xl font-weight-bold pt-4 mb-0\"><strong>E-mail<br \/>\n<\/strong><span style=\"color: #000000;\">info@petratextile.com<\/span><\/p>\n<p>[\/vc_column_text][\/vc_column_inner][vc_column_inner el_class=&#8221;my-4&#8243; width=&#8221;1\/2&#8243; offset=&#8221;vc_col-md-4&#8243;][vc_custom_heading text=&#8221;Social Media&#8221; font_container=&#8221;tag:h3|font_size:1.5rem|text_align:center|line_height:1.2&#8243; use_theme_fonts=&#8221;yes&#8221; font_weight=&#8221;600&#8243; skin=&#8221;primary&#8221; el_class=&#8221;mb-4 pb-3 px-5&#8243;]<div id=\"porto-icon-11098511369f37c8ab0529\" class=\"porto-just-icon-wrapper mb-2 font-weight-semibold\" style=\"text-align:center;\"><a class=\"porto-tooltip 69f37c8ab04b4\" href = \"https:\/\/www.instagram.com\/petratextile\/\"   ><div class=\"porto-icon advanced\" style=\"color:#166d30;background:#dde2ea;width:36px;height:36px;line-height:36px;border-radius:18px;font-size:15px;display:inline-block;\"><i class=\"fab fa-instagram\"><\/i><\/div><\/a><\/div>[\/vc_column_inner][\/vc_row_inner][\/vc_column][\/vc_row][vc_row wrap_container=&#8221;yes&#8221; el_class=&#8221;py-5&#8243;][vc_column][vc_custom_heading text=&#8221;PETRA TEXTILE&#8221; font_container=&#8221;tag:h5|text_align:left|line_height:1.6&#8243; use_theme_fonts=&#8221;yes&#8221; text_transform=&#8221;text-uppercase&#8221; font_weight=&#8221;600&#8243; skin=&#8221;primary&#8221; letter_spacing=&#8221;0&#8243; show_border=&#8221;yes&#8221; border_skin=&#8221;primary&#8221; border_type=&#8221;middle-border-reverse&#8221; border_size=&#8221;lg&#8221; animation_delay=&#8221;100&#8243; animation_type=&#8221;fadeInLeft&#8221; el_class=&#8221;mb-1&#8243;][vc_custom_heading text=&#8221;Contact Form&#8221; font_container=&#8221;tag:h2|font_size:2.2em|text_align:left|line_height:1.4&#8243; use_theme_fonts=&#8221;yes&#8221; skin=&#8221;primary&#8221; animation_delay=&#8221;300&#8243; el_class=&#8221;mb-2&#8243; animation_type=&#8221;fadeInLeft&#8221;][vc_custom_heading text=&#8221;You can contact us using the contact form. Your message will be responded as soon as possible.&#8221; font_container=&#8221;tag:p|text_align:left&#8221; use_theme_fonts=&#8221;yes&#8221; animation_delay=&#8221;400&#8243; el_class=&#8221;mb-4&#8243; animation_type=&#8221;fadeInLeft&#8221;]<div class=\"porto-animation \" data-appear-animation=\"fadeIn\" data-appear-animation-delay=\"600\"><div role=\"form\" class=\"wpcf7\" id=\"wpcf7-f399-o1\" lang=\"en-US\" dir=\"ltr\">\n<div class=\"screen-reader-response\" role=\"alert\" aria-live=\"polite\"><\/div>\n<form action=\"\/en\/wp-json\/wp\/v2\/pages\/179#wpcf7-f399-o1\" method=\"post\" class=\"wpcf7-form init\" novalidate=\"novalidate\">\n<div style=\"display: none;\">\n<input type=\"hidden\" name=\"_wpcf7\" value=\"399\" \/>\n<input type=\"hidden\" name=\"_wpcf7_version\" value=\"5.2.2\" \/>\n<input type=\"hidden\" name=\"_wpcf7_locale\" value=\"en_US\" \/>\n<input type=\"hidden\" name=\"_wpcf7_unit_tag\" value=\"wpcf7-f399-o1\" \/>\n<input type=\"hidden\" name=\"_wpcf7_container_post\" value=\"0\" \/>\n<input type=\"hidden\" name=\"_wpcf7_posted_data_hash\" value=\"\" \/>\n<\/div>\n<div class=\"form-row row\">\n<div class=\"form-group col-lg-6\">\n    <span class=\"wpcf7-form-control-wrap your-name\"><input type=\"text\" name=\"your-name\" value=\"\" size=\"40\" class=\"wpcf7-form-control wpcf7-text wpcf7-validates-as-required form-control\" id=\"contact-name\" aria-required=\"true\" aria-invalid=\"false\" placeholder=\"Your Name\" \/><\/span>\n<\/div>\n<div class=\"form-group col-lg-6\">\n    <span class=\"wpcf7-form-control-wrap your-email\"><input type=\"email\" name=\"your-email\" value=\"\" size=\"40\" class=\"wpcf7-form-control wpcf7-text wpcf7-email wpcf7-validates-as-required wpcf7-validates-as-email form-control\" id=\"contact-email\" aria-required=\"true\" aria-invalid=\"false\" placeholder=\"Your Email Address\" \/><\/span>\n<\/div>\n<\/div>\n<div class=\"form-group\">\n    <span class=\"wpcf7-form-control-wrap your-subject\"><input type=\"text\" name=\"your-subject\" value=\"\" size=\"40\" class=\"wpcf7-form-control wpcf7-text form-control\" id=\"contact-subject\" aria-invalid=\"false\" placeholder=\"Subject\" \/><\/span>\n<\/div>\n<div class=\"form-group\">\n    <span class=\"wpcf7-form-control-wrap your-message\"><textarea name=\"your-message\" cols=\"40\" rows=\"5\" class=\"wpcf7-form-control wpcf7-textarea form-control\" id=\"contact-message\" aria-invalid=\"false\" placeholder=\"Your Message\"><\/textarea><\/span>\n<\/div>\n<div class=\"form-group\">\n    <input type=\"submit\" value=\"Send\" class=\"wpcf7-form-control wpcf7-submit btn btn-modern btn-lg btn-primary\" \/>\n<\/div>\n<div class=\"wpcf7-response-output\" role=\"alert\" aria-hidden=\"true\"><\/div><\/form><\/div>[vc_gmaps link=&#8221;#E-8_JTNDaWZyYW1lJTIwc3JjJTNEJTIyaHR0cHMlM0ElMkYlMkZ3d3cuZ29vZ2xlLmNvbSUyRm1hcHMlMkZlbWJlZCUzRnBiJTNEJTIxMW0xOCUyMTFtMTIlMjExbTMlMjExZDMxODYuOTAxNzkwMjU4NjQwNiUyMTJkMzUuMzQ3NDA5MjE1Mjk1MjQlMjEzZDM2Ljk4ODI3NzM3OTkxMDIlMjEybTMlMjExZjAlMjEyZjAlMjEzZjAlMjEzbTIlMjExaTEwMjQlMjEyaTc2OCUyMTRmMTMuMSUyMTNtMyUyMTFtMiUyMTFzMHgwJTI1M0EweDUyODkzYTE3ZWRlMDIzYTUlMjEyek16YkNzRFU1SnpFM0xqZ2lUaUF6TmNLd01qQW5OVGd1TmlKRiUyMTVlMCUyMTNtMiUyMTFzdHIlMjEyc3RyJTIxNHYxNjQwMzM0MjA4MzMxJTIxNW0yJTIxMXN0ciUyMTJzdHIlMjIlMjB3aWR0aCUzRCUyMjYwMCUyMiUyMGhlaWdodCUzRCUyMjQ1MCUyMiUyMHN0eWxlJTNEJTIyYm9yZGVyJTNBMCUzQiUyMiUyMGFsbG93ZnVsbHNjcmVlbiUzRCUyMiUyMiUyMGxvYWRpbmclM0QlMjJsYXp5JTIyJTNFJTNDJTJGaWZyYW1lJTNF&#8221;]<\/div>[\/vc_column][\/vc_row]<\/p>\n","protected":false},"excerpt":{"rendered":"<p>[vc_row wrap_container=&#8221;yes&#8221; el_class=&#8221;py-5&#8243; css=&#8221;.vc_custom_1591607686137{background-color: #fafafc !important;}&#8221;][vc_column][vc_row_inner animation_delay=&#8221;100&#8243; el_class=&#8221;no-padding mx-0 py-5 mb-3 background-color-light custom-icon-boxes justify-content-center box-shadow-1&#8243; animation_type=&#8221;fadeInUp&#8221;][vc_column_inner el_class=&#8221;my-4&#8243; width=&#8221;1\/2&#8243; offset=&#8221;vc_col-md-4&#8243;][vc_custom_heading text=&#8221;Telephone&#8221; font_container=&#8221;tag:h3|font_size:1.5rem|text_align:center|line_height:1.2&#8243; use_theme_fonts=&#8221;yes&#8221; font_weight=&#8221;600&#8243; skin=&#8221;primary&#8221; el_class=&#8221;mb-4 px-5&#8243;][vc_column_text el_class=&#8221;mb-0 text-center px-5&#8243;] Office +90 505 016 51 90 Support via Whatsapp +90 505 016 51 90 [\/vc_column_text][\/vc_column_inner][vc_column_inner el_class=&#8221;my-4&#8243; width=&#8221;1\/2&#8243; offset=&#8221;vc_col-md-4&#8243;][vc_custom_heading text=&#8221;Address &amp; E-Mail&#8221; font_container=&#8221;tag:h3|font_size:1.5rem|text_align:center|line_height:1.2&#8243; use_theme_fonts=&#8221;yes&#8221; font_weight=&#8221;600&#8243; skin=&#8221;primary&#8221; el_class=&#8221;mb-4 [&hellip;]<\/p>\n","protected":false},"author":1,"featured_media":0,"parent":0,"menu_order":0,"comment_status":"closed","ping_status":"closed","template":"","meta":[],"_links":{"self":[{"href":"https:\/\/www.petratextile.com\/en\/wp-json\/wp\/v2\/pages\/179"}],"collection":[{"href":"https:\/\/www.petratextile.com\/en\/wp-json\/wp\/v2\/pages"}],"about":[{"href":"https:\/\/www.petratextile.com\/en\/wp-json\/wp\/v2\/types\/page"}],"author":[{"embeddable":true,"href":"https:\/\/www.petratextile.com\/en\/wp-json\/wp\/v2\/users\/1"}],"replies":[{"embeddable":true,"href":"https:\/\/www.petratextile.com\/en\/wp-json\/wp\/v2\/comments?post=179"}],"version-history":[{"count":19,"href":"https:\/\/www.petratextile.com\/en\/wp-json\/wp\/v2\/pages\/179\/revisions"}],"predecessor-version":[{"id":689,"href":"https:\/\/www.petratextile.com\/en\/wp-json\/wp\/v2\/pages\/179\/revisions\/689"}],"wp:attachment":[{"href":"https:\/\/www.petratextile.com\/en\/wp-json\/wp\/v2\/media?parent=179"}],"curies":[{"name":"wp","href":"https:\/\/api.w.org\/{rel}","templated":true}]}}